{"id":2,"date":"2023-05-05T16:56:35","date_gmt":"2023-05-05T14:56:35","guid":{"rendered":"https:\/\/chateau-la-clyde.fr\/?page_id=2"},"modified":"2023-05-16T18:37:10","modified_gmt":"2023-05-16T16:37:10","slug":"page-d-exemple","status":"publish","type":"page","link":"https:\/\/chateau-la-clyde.fr\/en\/page-d-exemple\/","title":{"rendered":"Site en construction"},"content":{"rendered":"<p><strong>Bonjour Florence&nbsp;!<\/strong><\/p>\n\n\n\n<p>Si vous voyez cette page, c&rsquo;est que la modification de votre fichier \u00ab\u00a0hosts\u00a0\u00bb a r\u00e9ussi !<\/p>\n\n\n\n<p>On reprend contact d\u00e8s que vous avez un moment disponible devant votre ordinateur, et j&rsquo;activerai la page d&rsquo;accueil pour qu&rsquo;on la visionne ensemble et que je puisse noter vos remarques.<\/p>\n\n\n\n<p>L&rsquo;id\u00e9al \u00e9tant que vous la regardiez \u00e0 t\u00eate repos\u00e9e, puis de lister les modifications que vous souhaitez, et que l&rsquo;in en parle ensemble.<\/p>\n\n\n\n<p><\/p>\n\n\n\n<p>A tr\u00e8s vite  !<\/p>\n\n\n\n<p>Alain Marquina<\/p>\n\n\n\n<p><\/p>","protected":false},"excerpt":{"rendered":"<p>Bonjour Florence&nbsp;! Si vous voyez cette page, c&rsquo;est que la modification de votre fichier \u00ab\u00a0hosts\u00a0\u00bb a r\u00e9ussi ! On reprend contact d\u00e8s que vous avez un moment disponible devant votre ordinateur, et j&rsquo;activerai la page d&rsquo;accueil pour qu&rsquo;on la visionne ensemble et que je puisse noter vos remarques. L&rsquo;id\u00e9al \u00e9tant que vous la regardiez \u00e0 [&hellip;]<\/p>\n","protected":false},"author":1,"featured_media":0,"parent":0,"menu_order":0,"comment_status":"closed","ping_status":"open","template":"","meta":{"_et_pb_use_builder":"off","_et_pb_old_content":"<!-- wp:paragraph -->\n<p><strong>Bonjour Florence&nbsp;!<\/strong><\/p>\n<!-- \/wp:paragraph -->\n\n<!-- wp:paragraph -->\n<p>Si vous voyez cette page, c'est que la modification de votre fichier \"hosts\" a r\u00e9ussi !<\/p>\n<!-- \/wp:paragraph -->\n\n<!-- wp:paragraph -->\n<p>On reprend contact d\u00e8s que vous avez un moment disponible devant votre ordinateur, et j'activerai la page d'accueil pour qu'on la visionne ensemble et que je puisse noter vos remarques.<\/p>\n<!-- \/wp:paragraph -->\n\n<!-- wp:paragraph -->\n<p>L'id\u00e9al \u00e9tant que vous la regardiez \u00e0 t\u00eate repos\u00e9e, puis de lister les modifications que vous souhaitez, et que l'in en parle ensemble.<\/p>\n<!-- \/wp:paragraph -->\n\n<!-- wp:paragraph -->\n<p><\/p>\n<!-- \/wp:paragraph -->\n\n<!-- wp:paragraph -->\n<p>A tr\u00e8s vite  !<\/p>\n<!-- \/wp:paragraph -->\n\n<!-- wp:paragraph -->\n<p>Alain Marquina<\/p>\n<!-- \/wp:paragraph -->","_et_gb_content_width":"1080"},"yoast_head":"<!-- This site is optimized with the Yoast SEO plugin v21.8.1 - https:\/\/yoast.com\/wordpress\/plugins\/seo\/ -->\n<title>Site en construction - Ch\u00e2teau La CLYDE. Vins de Bordeaux Bio et Biodynamie<\/title>\n<meta name=\"robots\" content=\"index, follow, max-snippet:-1, max-image-preview:large, max-video-preview:-1\" \/>\n<link rel=\"canonical\" href=\"https:\/\/chateau-la-clyde.fr\/en\/page-d-exemple\/\" \/>\n<meta property=\"og:locale\" content=\"en_GB\" \/>\n<meta property=\"og:type\" content=\"article\" \/>\n<meta property=\"og:title\" content=\"Site en construction - Ch\u00e2teau La CLYDE. Vins de Bordeaux Bio et Biodynamie\" \/>\n<meta property=\"og:description\" content=\"Bonjour Florence&nbsp;! Si vous voyez cette page, c&rsquo;est que la modification de votre fichier \u00ab\u00a0hosts\u00a0\u00bb a r\u00e9ussi ! On reprend contact d\u00e8s que vous avez un moment disponible devant votre ordinateur, et j&rsquo;activerai la page d&rsquo;accueil pour qu&rsquo;on la visionne ensemble et que je puisse noter vos remarques. L&rsquo;id\u00e9al \u00e9tant que vous la regardiez \u00e0 [&hellip;]\" \/>\n<meta property=\"og:url\" content=\"https:\/\/chateau-la-clyde.fr\/en\/page-d-exemple\/\" \/>\n<meta property=\"og:site_name\" content=\"Ch\u00e2teau La CLYDE. Vins de Bordeaux Bio et Biodynamie\" \/>\n<meta property=\"article:publisher\" content=\"https:\/\/www.facebook.com\/CHATEAULACLYDE\" \/>\n<meta property=\"article:modified_time\" content=\"2023-05-16T16:37:10+00:00\" \/>\n<script type=\"application\/ld+json\" class=\"yoast-schema-graph\">{\"@context\":\"https:\/\/schema.org\",\"@graph\":[{\"@type\":\"WebPage\",\"@id\":\"https:\/\/chateau-la-clyde.fr\/page-d-exemple\/\",\"url\":\"https:\/\/chateau-la-clyde.fr\/page-d-exemple\/\",\"name\":\"Site en construction - Ch\u00e2teau La CLYDE. Vins de Bordeaux Bio et Biodynamie\",\"isPartOf\":{\"@id\":\"https:\/\/chateau-la-clyde.fr\/#website\"},\"datePublished\":\"2023-05-05T14:56:35+00:00\",\"dateModified\":\"2023-05-16T16:37:10+00:00\",\"breadcrumb\":{\"@id\":\"https:\/\/chateau-la-clyde.fr\/page-d-exemple\/#breadcrumb\"},\"inLanguage\":\"en-GB\",\"potentialAction\":[{\"@type\":\"ReadAction\",\"target\":[\"https:\/\/chateau-la-clyde.fr\/page-d-exemple\/\"]}]},{\"@type\":\"BreadcrumbList\",\"@id\":\"https:\/\/chateau-la-clyde.fr\/page-d-exemple\/#breadcrumb\",\"itemListElement\":[{\"@type\":\"ListItem\",\"position\":1,\"name\":\"Accueil\",\"item\":\"https:\/\/chateau-la-clyde.fr\/\"},{\"@type\":\"ListItem\",\"position\":2,\"name\":\"Site en construction\"}]},{\"@type\":\"WebSite\",\"@id\":\"https:\/\/chateau-la-clyde.fr\/#website\",\"url\":\"https:\/\/chateau-la-clyde.fr\/\",\"name\":\"Ch\u00e2teau La CLYDE. Vins de Bordeaux Bio et Biodynamie\",\"description\":\"Le complice indispensable de vos repas gastronomiques\",\"publisher\":{\"@id\":\"https:\/\/chateau-la-clyde.fr\/#organization\"},\"alternateName\":\"Ch\u00e2teau La Clyde\",\"potentialAction\":[{\"@type\":\"SearchAction\",\"target\":{\"@type\":\"EntryPoint\",\"urlTemplate\":\"https:\/\/chateau-la-clyde.fr\/?s={search_term_string}\"},\"query-input\":\"required name=search_term_string\"}],\"inLanguage\":\"en-GB\"},{\"@type\":\"Organization\",\"@id\":\"https:\/\/chateau-la-clyde.fr\/#organization\",\"name\":\"Ch\u00e2teau La CLYDE\",\"url\":\"https:\/\/chateau-la-clyde.fr\/\",\"logo\":{\"@type\":\"ImageObject\",\"inLanguage\":\"en-GB\",\"@id\":\"https:\/\/chateau-la-clyde.fr\/#\/schema\/logo\/image\/\",\"url\":\"https:\/\/chateau-la-clyde.fr\/wp-content\/uploads\/2023\/05\/chateau-la-clyde-logo-300.png\",\"contentUrl\":\"https:\/\/chateau-la-clyde.fr\/wp-content\/uploads\/2023\/05\/chateau-la-clyde-logo-300.png\",\"width\":300,\"height\":300,\"caption\":\"Ch\u00e2teau La CLYDE\"},\"image\":{\"@id\":\"https:\/\/chateau-la-clyde.fr\/#\/schema\/logo\/image\/\"},\"sameAs\":[\"https:\/\/www.facebook.com\/CHATEAULACLYDE\",\"https:\/\/www.instagram.com\/chateau.la.clyde\/\",\"https:\/\/www.linkedin.com\/company\/chteau-la-clyde\/\"]}]}<\/script>\n<!-- \/ Yoast SEO plugin. -->","yoast_head_json":{"title":"Site en construction - Ch\u00e2teau La CLYDE. Vins de Bordeaux Bio et Biodynamie","robots":{"index":"index","follow":"follow","max-snippet":"max-snippet:-1","max-image-preview":"max-image-preview:large","max-video-preview":"max-video-preview:-1"},"canonical":"https:\/\/chateau-la-clyde.fr\/en\/page-d-exemple\/","og_locale":"en_GB","og_type":"article","og_title":"Site en construction - Ch\u00e2teau La CLYDE. Vins de Bordeaux Bio et Biodynamie","og_description":"Bonjour Florence&nbsp;! Si vous voyez cette page, c&rsquo;est que la modification de votre fichier \u00ab\u00a0hosts\u00a0\u00bb a r\u00e9ussi ! On reprend contact d\u00e8s que vous avez un moment disponible devant votre ordinateur, et j&rsquo;activerai la page d&rsquo;accueil pour qu&rsquo;on la visionne ensemble et que je puisse noter vos remarques. L&rsquo;id\u00e9al \u00e9tant que vous la regardiez \u00e0 [&hellip;]","og_url":"https:\/\/chateau-la-clyde.fr\/en\/page-d-exemple\/","og_site_name":"Ch\u00e2teau La CLYDE. Vins de Bordeaux Bio et Biodynamie","article_publisher":"https:\/\/www.facebook.com\/CHATEAULACLYDE","article_modified_time":"2023-05-16T16:37:10+00:00","schema":{"@context":"https:\/\/schema.org","@graph":[{"@type":"WebPage","@id":"https:\/\/chateau-la-clyde.fr\/page-d-exemple\/","url":"https:\/\/chateau-la-clyde.fr\/page-d-exemple\/","name":"Site en construction - Ch\u00e2teau La CLYDE. Vins de Bordeaux Bio et Biodynamie","isPartOf":{"@id":"https:\/\/chateau-la-clyde.fr\/#website"},"datePublished":"2023-05-05T14:56:35+00:00","dateModified":"2023-05-16T16:37:10+00:00","breadcrumb":{"@id":"https:\/\/chateau-la-clyde.fr\/page-d-exemple\/#breadcrumb"},"inLanguage":"en-GB","potentialAction":[{"@type":"ReadAction","target":["https:\/\/chateau-la-clyde.fr\/page-d-exemple\/"]}]},{"@type":"BreadcrumbList","@id":"https:\/\/chateau-la-clyde.fr\/page-d-exemple\/#breadcrumb","itemListElement":[{"@type":"ListItem","position":1,"name":"Accueil","item":"https:\/\/chateau-la-clyde.fr\/"},{"@type":"ListItem","position":2,"name":"Site en construction"}]},{"@type":"WebSite","@id":"https:\/\/chateau-la-clyde.fr\/#website","url":"https:\/\/chateau-la-clyde.fr\/","name":"Ch\u00e2teau La CLYDE. Vins de Bordeaux Bio et Biodynamie","description":"A Must-Have for Your Gourmet Meals","publisher":{"@id":"https:\/\/chateau-la-clyde.fr\/#organization"},"alternateName":"Ch\u00e2teau La Clyde","potentialAction":[{"@type":"SearchAction","target":{"@type":"EntryPoint","urlTemplate":"https:\/\/chateau-la-clyde.fr\/?s={search_term_string}"},"query-input":"required name=search_term_string"}],"inLanguage":"en-GB"},{"@type":"Organization","@id":"https:\/\/chateau-la-clyde.fr\/#organization","name":"Ch\u00e2teau La CLYDE","url":"https:\/\/chateau-la-clyde.fr\/","logo":{"@type":"ImageObject","inLanguage":"en-GB","@id":"https:\/\/chateau-la-clyde.fr\/#\/schema\/logo\/image\/","url":"https:\/\/chateau-la-clyde.fr\/wp-content\/uploads\/2023\/05\/chateau-la-clyde-logo-300.png","contentUrl":"https:\/\/chateau-la-clyde.fr\/wp-content\/uploads\/2023\/05\/chateau-la-clyde-logo-300.png","width":300,"height":300,"caption":"Ch\u00e2teau La CLYDE"},"image":{"@id":"https:\/\/chateau-la-clyde.fr\/#\/schema\/logo\/image\/"},"sameAs":["https:\/\/www.facebook.com\/CHATEAULACLYDE","https:\/\/www.instagram.com\/chateau.la.clyde\/","https:\/\/www.linkedin.com\/company\/chteau-la-clyde\/"]}]}},"_links":{"self":[{"href":"https:\/\/chateau-la-clyde.fr\/en\/wp-json\/wp\/v2\/pages\/2"}],"collection":[{"href":"https:\/\/chateau-la-clyde.fr\/en\/wp-json\/wp\/v2\/pages"}],"about":[{"href":"https:\/\/chateau-la-clyde.fr\/en\/wp-json\/wp\/v2\/types\/page"}],"author":[{"embeddable":true,"href":"https:\/\/chateau-la-clyde.fr\/en\/wp-json\/wp\/v2\/users\/1"}],"replies":[{"embeddable":true,"href":"https:\/\/chateau-la-clyde.fr\/en\/wp-json\/wp\/v2\/comments?post=2"}],"version-history":[{"count":4,"href":"https:\/\/chateau-la-clyde.fr\/en\/wp-json\/wp\/v2\/pages\/2\/revisions"}],"predecessor-version":[{"id":10259,"href":"https:\/\/chateau-la-clyde.fr\/en\/wp-json\/wp\/v2\/pages\/2\/revisions\/10259"}],"wp:attachment":[{"href":"https:\/\/chateau-la-clyde.fr\/en\/wp-json\/wp\/v2\/media?parent=2"}],"curies":[{"name":"wp","href":"https:\/\/api.w.org\/{rel}","templated":true}]}}